{"id":11452,"date":"2023-10-24T11:39:03","date_gmt":"2023-10-24T11:39:03","guid":{"rendered":"http:\/\/dev.krekel.com\/?page_id=11452"},"modified":"2025-07-20T13:04:30","modified_gmt":"2025-07-20T13:04:30","slug":"site-notice","status":"publish","type":"page","link":"https:\/\/www.krekel.com\/en\/site-notice\/","title":{"rendered":"Site Notice"},"content":{"rendered":"\t\t<div data-elementor-type=\"wp-page\" data-elementor-id=\"11452\" class=\"elementor elementor-11452 elementor-9\" data-elementor-post-type=\"page\">\n\t\t\t\t<div class=\"elementor-element elementor-element-3522b40 e-flex e-con-boxed e-con e-parent\" data-id=\"3522b40\" data-element_type=\"container\" data-e-type=\"container\">\n\t\t\t\t\t<div class=\"e-con-inner\">\n\t\t\t\t\t<\/div>\n\t\t\t\t<\/div>\n\t\t<div class=\"elementor-element elementor-element-1b8ac1c e-flex e-con-boxed e-con e-parent\" data-id=\"1b8ac1c\" data-element_type=\"container\" data-e-type=\"container\">\n\t\t\t\t\t<div class=\"e-con-inner\">\n\t\t\t\t<div class=\"elementor-element elementor-element-e29df6c elementor-widget elementor-widget-spacer\" data-id=\"e29df6c\" data-element_type=\"widget\" data-e-type=\"widget\" data-widget_type=\"spacer.default\">\n\t\t\t\t<div class=\"elementor-widget-container\">\n\t\t\t\t\t\t\t<div class=\"elementor-spacer\">\n\t\t\t<div class=\"elementor-spacer-inner\"><\/div>\n\t\t<\/div>\n\t\t\t\t\t\t<\/div>\n\t\t\t\t<\/div>\n\t\t\t\t\t<\/div>\n\t\t\t\t<\/div>\n\t\t<div class=\"elementor-element elementor-element-f9d3ab2 e-flex e-con-boxed e-con e-parent\" data-id=\"f9d3ab2\" data-element_type=\"container\" data-e-type=\"container\">\n\t\t\t\t\t<div class=\"e-con-inner\">\n\t\t\t\t<div class=\"elementor-element elementor-element-f16c7be elementor-widget elementor-widget-heading\" data-id=\"f16c7be\" data-element_type=\"widget\" data-e-type=\"widget\" data-widget_type=\"heading.default\">\n\t\t\t\t<div class=\"elementor-widget-container\">\n\t\t\t\t\t<h1 class=\"elementor-heading-title elementor-size-default\">Site Notice<\/h1>\t\t\t\t<\/div>\n\t\t\t\t<\/div>\n\t\t\t\t<div class=\"elementor-element elementor-element-b2a7b12 elementor-widget elementor-widget-heading\" data-id=\"b2a7b12\" data-element_type=\"widget\" data-e-type=\"widget\" data-widget_type=\"heading.default\">\n\t\t\t\t<div class=\"elementor-widget-container\">\n\t\t\t\t\t<h2 class=\"elementor-heading-title elementor-size-default\">Information pursuant to Sect. 5 German Telemedia Act (TMG)<\/h2>\t\t\t\t<\/div>\n\t\t\t\t<\/div>\n\t\t\t\t\t<\/div>\n\t\t\t\t<\/div>\n\t\t<div class=\"elementor-element elementor-element-5ca03da e-flex e-con-boxed e-con e-parent\" data-id=\"5ca03da\" data-element_type=\"container\" data-e-type=\"container\">\n\t\t\t\t\t<div class=\"e-con-inner\">\n\t\t\t\t<div class=\"elementor-element elementor-element-1ab23f8 elementor-widget elementor-widget-spacer\" data-id=\"1ab23f8\" data-element_type=\"widget\" data-e-type=\"widget\" data-widget_type=\"spacer.default\">\n\t\t\t\t<div class=\"elementor-widget-container\">\n\t\t\t\t\t\t\t<div class=\"elementor-spacer\">\n\t\t\t<div class=\"elementor-spacer-inner\"><\/div>\n\t\t<\/div>\n\t\t\t\t\t\t<\/div>\n\t\t\t\t<\/div>\n\t\t\t\t\t<\/div>\n\t\t\t\t<\/div>\n\t\t<div class=\"elementor-element elementor-element-e5f8f6f e-flex e-con-boxed e-con e-parent\" data-id=\"e5f8f6f\" data-element_type=\"container\" data-e-type=\"container\">\n\t\t\t\t\t<div class=\"e-con-inner\">\n\t\t<div class=\"elementor-element elementor-element-0a6ffbe e-con-full e-flex e-con e-child\" data-id=\"0a6ffbe\" data-element_type=\"container\" data-e-type=\"container\">\n\t\t\t\t<div class=\"elementor-element elementor-element-f3771d0 elementor-widget elementor-widget-text-editor\" data-id=\"f3771d0\" data-element_type=\"widget\" data-e-type=\"widget\" data-widget_type=\"text-editor.default\">\n\t\t\t\t<div class=\"elementor-widget-container\">\n\t\t\t\t\t\t\t\t\t<p><strong>Dr. Florian Krekel<\/strong><br \/>Private dental practice<br \/>Brienner Stra\u00dfe 3<br \/>80333 M\u00fcnchen<\/p><p><strong>Kontakt<br \/><\/strong>T <a href=\"tel:+ 49 (0) 89 29 16 81 04\">+ 49 (0) 89 29 16 81 04<\/a><br \/>F + 49 (0) 89 29 16 81 05<br \/><a href=\"mailto:praxis@krekel.com\">praxis@krekel.com<\/a><\/p><p><strong>Job title and professional regulations<\/strong><\/p><p>Job title: dentist<\/p><p>Competent chamber:<br \/>Landeszahn\u00e4rzte-<br \/>kammer Bayern<br \/>Fallstra\u00dfe 34<br \/>81369 M\u00fcnchen<\/p><p>Authorisation granted in: Germany<br \/><strong><br \/>Applicable professional law<br \/><\/strong>Dentistry Act, Bavarian Healthcare Profession Act, Professional Code of Conduct for Bavarian Dentists, Professional Code of Conduct for Doctors in Bavaria, Schedule of Fees for Dentists, Schedule of Fees for Doctors. All dental legislation is available on the website of the Bavarian Dental Association www.blzk.de under &#8220;Amtliche Mitteilungen&#8221;.<\/p>\t\t\t\t\t\t\t\t<\/div>\n\t\t\t\t<\/div>\n\t\t\t\t<\/div>\n\t\t<div class=\"elementor-element elementor-element-b5f82ab e-con-full e-flex e-con e-child\" data-id=\"b5f82ab\" data-element_type=\"container\" data-e-type=\"container\">\n\t\t\t\t<div class=\"elementor-element elementor-element-e3c10fe elementor-widget elementor-widget-text-editor\" data-id=\"e3c10fe\" data-element_type=\"widget\" data-e-type=\"widget\" data-widget_type=\"text-editor.default\">\n\t\t\t\t<div class=\"elementor-widget-container\">\n\t\t\t\t\t\t\t\t\t<p><strong>Dispute resolution proceedings in front of a consumer arbitration board<br \/><\/strong>We are not willing or obliged to participate in dispute resolution proceedings in front of a consumer arbitration board.<br \/><br \/><\/p><p><strong>Copyright<\/strong><br \/>The contents of the website are subject to copyright and may not be distributed, modified or copied in whole or in part without prior written consent. The images included on this website may not be used without prior written consent. Copies or downloads are only permitted for private, non-commercial use. Some of the images or content contained on the website are subject to third-party copyrights. These are respected. If you nevertheless become aware of a copyright infringement, please inform us accordingly. We will check this immediately and remove the content.<br \/><br \/><\/p><p><strong>Pictures<\/strong><br \/>Own production and pictures by Thies Matzen.<br \/><br \/><\/p><p><strong>Concept, web design &amp; programming<\/strong> ANNA Marketing<\/p>\t\t\t\t\t\t\t\t<\/div>\n\t\t\t\t<\/div>\n\t\t\t\t<\/div>\n\t\t\t\t\t<\/div>\n\t\t\t\t<\/div>\n\t\t<div class=\"elementor-element elementor-element-6016023 e-flex e-con-boxed e-con e-parent\" data-id=\"6016023\" data-element_type=\"container\" data-e-type=\"container\">\n\t\t\t\t\t<div class=\"e-con-inner\">\n\t\t\t\t\t<\/div>\n\t\t\t\t<\/div>\n\t\t<div class=\"elementor-element elementor-element-259332e e-flex e-con-boxed e-con e-parent\" data-id=\"259332e\" data-element_type=\"container\" data-e-type=\"container\">\n\t\t\t\t\t<div class=\"e-con-inner\">\n\t\t\t\t<div class=\"elementor-element elementor-element-e819eed elementor-widget elementor-widget-spacer\" data-id=\"e819eed\" data-element_type=\"widget\" data-e-type=\"widget\" data-widget_type=\"spacer.default\">\n\t\t\t\t<div class=\"elementor-widget-container\">\n\t\t\t\t\t\t\t<div class=\"elementor-spacer\">\n\t\t\t<div class=\"elementor-spacer-inner\"><\/div>\n\t\t<\/div>\n\t\t\t\t\t\t<\/div>\n\t\t\t\t<\/div>\n\t\t\t\t\t<\/div>\n\t\t\t\t<\/div>\n\t\t\t\t<\/div>\n\t\t","protected":false},"excerpt":{"rendered":"<p>Site Notice Information pursuant to Sect. 5 German Telemedia Act (TMG) Dr. Florian KrekelPrivate dental practiceBrienner Stra\u00dfe 380333 M\u00fcnchen KontaktT + 49 (0) 89 29 16 81 04F + 49 (0) 89 29 16 81 05praxis@krekel.com Job title and professional regulations Job title: dentist Competent chamber:Landeszahn\u00e4rzte-kammer BayernFallstra\u00dfe 3481369 M\u00fcnchen Authorisation granted in: GermanyApplicable professional lawDentistry&hellip;<\/p>\n","protected":false},"author":2,"featured_media":0,"parent":0,"menu_order":0,"comment_status":"closed","ping_status":"closed","template":"","meta":{"inline_featured_image":false,"footnotes":""},"class_list":["post-11452","page","type-page","status-publish","hentry"],"yoast_head":"<!-- This site is optimized with the Yoast SEO plugin v27.4 - https:\/\/yoast.com\/product\/yoast-seo-wordpress\/ -->\n<title>Site Notice - Dr. Florian Krekel<\/title>\n<meta name=\"description\" content=\"Private practice for modern dentistry at the highest level \u1405 For private patients &amp; self-payers \u1405 Preventive and conservative dentistry\" \/>\n<meta name=\"robots\" content=\"index, follow, max-snippet:-1, max-image-preview:large, max-video-preview:-1\" \/>\n<link rel=\"canonical\" href=\"https:\/\/www.krekel.com\/en\/site-notice\/\" \/>\n<meta property=\"og:locale\" content=\"en_US\" \/>\n<meta property=\"og:type\" content=\"article\" \/>\n<meta property=\"og:title\" content=\"Site Notice - Dr. Florian Krekel\" \/>\n<meta property=\"og:description\" content=\"Private practice for modern dentistry at the highest level \u1405 For private patients &amp; self-payers \u1405 Preventive and conservative dentistry\" \/>\n<meta property=\"og:url\" content=\"https:\/\/www.krekel.com\/en\/site-notice\/\" \/>\n<meta property=\"og:site_name\" content=\"Dr. Florian Krekel\" \/>\n<meta property=\"article:modified_time\" content=\"2025-07-20T13:04:30+00:00\" \/>\n<meta name=\"twitter:card\" content=\"summary_large_image\" \/>\n<meta name=\"twitter:label1\" content=\"Est. reading time\" \/>\n\t<meta name=\"twitter:data1\" content=\"2 minutes\" \/>\n<script type=\"application\/ld+json\" class=\"yoast-schema-graph\">{\"@context\":\"https:\\\/\\\/schema.org\",\"@graph\":[{\"@type\":\"WebPage\",\"@id\":\"https:\\\/\\\/www.krekel.com\\\/en\\\/site-notice\\\/\",\"url\":\"https:\\\/\\\/www.krekel.com\\\/en\\\/site-notice\\\/\",\"name\":\"Site Notice - Dr. Florian Krekel\",\"isPartOf\":{\"@id\":\"https:\\\/\\\/www.krekel.com\\\/en\\\/#website\"},\"datePublished\":\"2023-10-24T11:39:03+00:00\",\"dateModified\":\"2025-07-20T13:04:30+00:00\",\"description\":\"Private practice for modern dentistry at the highest level \u1405 For private patients & self-payers \u1405 Preventive and conservative dentistry\",\"breadcrumb\":{\"@id\":\"https:\\\/\\\/www.krekel.com\\\/en\\\/site-notice\\\/#breadcrumb\"},\"inLanguage\":\"en-US\",\"potentialAction\":[{\"@type\":\"ReadAction\",\"target\":[\"https:\\\/\\\/www.krekel.com\\\/en\\\/site-notice\\\/\"]}]},{\"@type\":\"BreadcrumbList\",\"@id\":\"https:\\\/\\\/www.krekel.com\\\/en\\\/site-notice\\\/#breadcrumb\",\"itemListElement\":[{\"@type\":\"ListItem\",\"position\":1,\"name\":\"Startseite\",\"item\":\"https:\\\/\\\/www.krekel.com\\\/en\\\/\"},{\"@type\":\"ListItem\",\"position\":2,\"name\":\"Site Notice\"}]},{\"@type\":\"WebSite\",\"@id\":\"https:\\\/\\\/www.krekel.com\\\/en\\\/#website\",\"url\":\"https:\\\/\\\/www.krekel.com\\\/en\\\/\",\"name\":\"Dr. Florian Krekel\",\"description\":\"Zahn\u00e4rztliche Privatpraxis\",\"publisher\":{\"@id\":\"https:\\\/\\\/www.krekel.com\\\/en\\\/#organization\"},\"potentialAction\":[{\"@type\":\"SearchAction\",\"target\":{\"@type\":\"EntryPoint\",\"urlTemplate\":\"https:\\\/\\\/www.krekel.com\\\/en\\\/?s={search_term_string}\"},\"query-input\":{\"@type\":\"PropertyValueSpecification\",\"valueRequired\":true,\"valueName\":\"search_term_string\"}}],\"inLanguage\":\"en-US\"},{\"@type\":\"Organization\",\"@id\":\"https:\\\/\\\/www.krekel.com\\\/en\\\/#organization\",\"name\":\"Dr. Florian Krekel\",\"url\":\"https:\\\/\\\/www.krekel.com\\\/en\\\/\",\"logo\":{\"@type\":\"ImageObject\",\"inLanguage\":\"en-US\",\"@id\":\"https:\\\/\\\/www.krekel.com\\\/en\\\/#\\\/schema\\\/logo\\\/image\\\/\",\"url\":\"https:\\\/\\\/www.krekel.com\\\/wp-content\\\/uploads\\\/2023\\\/11\\\/DrFlorianKrekel-Logo-Website.svg\",\"contentUrl\":\"https:\\\/\\\/www.krekel.com\\\/wp-content\\\/uploads\\\/2023\\\/11\\\/DrFlorianKrekel-Logo-Website.svg\",\"width\":218,\"height\":29,\"caption\":\"Dr. Florian Krekel\"},\"image\":{\"@id\":\"https:\\\/\\\/www.krekel.com\\\/en\\\/#\\\/schema\\\/logo\\\/image\\\/\"}}]}<\/script>\n<!-- \/ Yoast SEO plugin. -->","yoast_head_json":{"title":"Site Notice - Dr. Florian Krekel","description":"Private practice for modern dentistry at the highest level \u1405 For private patients & self-payers \u1405 Preventive and conservative dentistry","robots":{"index":"index","follow":"follow","max-snippet":"max-snippet:-1","max-image-preview":"max-image-preview:large","max-video-preview":"max-video-preview:-1"},"canonical":"https:\/\/www.krekel.com\/en\/site-notice\/","og_locale":"en_US","og_type":"article","og_title":"Site Notice - Dr. Florian Krekel","og_description":"Private practice for modern dentistry at the highest level \u1405 For private patients & self-payers \u1405 Preventive and conservative dentistry","og_url":"https:\/\/www.krekel.com\/en\/site-notice\/","og_site_name":"Dr. Florian Krekel","article_modified_time":"2025-07-20T13:04:30+00:00","twitter_card":"summary_large_image","twitter_misc":{"Est. reading time":"2 minutes"},"schema":{"@context":"https:\/\/schema.org","@graph":[{"@type":"WebPage","@id":"https:\/\/www.krekel.com\/en\/site-notice\/","url":"https:\/\/www.krekel.com\/en\/site-notice\/","name":"Site Notice - Dr. Florian Krekel","isPartOf":{"@id":"https:\/\/www.krekel.com\/en\/#website"},"datePublished":"2023-10-24T11:39:03+00:00","dateModified":"2025-07-20T13:04:30+00:00","description":"Private practice for modern dentistry at the highest level \u1405 For private patients & self-payers \u1405 Preventive and conservative dentistry","breadcrumb":{"@id":"https:\/\/www.krekel.com\/en\/site-notice\/#breadcrumb"},"inLanguage":"en-US","potentialAction":[{"@type":"ReadAction","target":["https:\/\/www.krekel.com\/en\/site-notice\/"]}]},{"@type":"BreadcrumbList","@id":"https:\/\/www.krekel.com\/en\/site-notice\/#breadcrumb","itemListElement":[{"@type":"ListItem","position":1,"name":"Startseite","item":"https:\/\/www.krekel.com\/en\/"},{"@type":"ListItem","position":2,"name":"Site Notice"}]},{"@type":"WebSite","@id":"https:\/\/www.krekel.com\/en\/#website","url":"https:\/\/www.krekel.com\/en\/","name":"Dr. Florian Krekel","description":"Zahn\u00e4rztliche Privatpraxis","publisher":{"@id":"https:\/\/www.krekel.com\/en\/#organization"},"potentialAction":[{"@type":"SearchAction","target":{"@type":"EntryPoint","urlTemplate":"https:\/\/www.krekel.com\/en\/?s={search_term_string}"},"query-input":{"@type":"PropertyValueSpecification","valueRequired":true,"valueName":"search_term_string"}}],"inLanguage":"en-US"},{"@type":"Organization","@id":"https:\/\/www.krekel.com\/en\/#organization","name":"Dr. Florian Krekel","url":"https:\/\/www.krekel.com\/en\/","logo":{"@type":"ImageObject","inLanguage":"en-US","@id":"https:\/\/www.krekel.com\/en\/#\/schema\/logo\/image\/","url":"https:\/\/www.krekel.com\/wp-content\/uploads\/2023\/11\/DrFlorianKrekel-Logo-Website.svg","contentUrl":"https:\/\/www.krekel.com\/wp-content\/uploads\/2023\/11\/DrFlorianKrekel-Logo-Website.svg","width":218,"height":29,"caption":"Dr. Florian Krekel"},"image":{"@id":"https:\/\/www.krekel.com\/en\/#\/schema\/logo\/image\/"}}]}},"_links":{"self":[{"href":"https:\/\/www.krekel.com\/en\/wp-json\/wp\/v2\/pages\/11452","targetHints":{"allow":["GET"]}}],"collection":[{"href":"https:\/\/www.krekel.com\/en\/wp-json\/wp\/v2\/pages"}],"about":[{"href":"https:\/\/www.krekel.com\/en\/wp-json\/wp\/v2\/types\/page"}],"author":[{"embeddable":true,"href":"https:\/\/www.krekel.com\/en\/wp-json\/wp\/v2\/users\/2"}],"replies":[{"embeddable":true,"href":"https:\/\/www.krekel.com\/en\/wp-json\/wp\/v2\/comments?post=11452"}],"version-history":[{"count":59,"href":"https:\/\/www.krekel.com\/en\/wp-json\/wp\/v2\/pages\/11452\/revisions"}],"predecessor-version":[{"id":13113,"href":"https:\/\/www.krekel.com\/en\/wp-json\/wp\/v2\/pages\/11452\/revisions\/13113"}],"wp:attachment":[{"href":"https:\/\/www.krekel.com\/en\/wp-json\/wp\/v2\/media?parent=11452"}],"curies":[{"name":"wp","href":"https:\/\/api.w.org\/{rel}","templated":true}]}}